{"id":365,"date":"2024-10-05T21:49:40","date_gmt":"2024-10-05T19:49:40","guid":{"rendered":"https:\/\/www.adrian-sieferle.de\/musik\/?page_id=365"},"modified":"2025-10-17T07:11:25","modified_gmt":"2025-10-17T05:11:25","slug":"gaestebuch","status":"publish","type":"page","link":"https:\/\/www.adrian-sieferle.de\/musik\/gaestebuch\/","title":{"rendered":"G\u00e4stebuch \/ Feedback"},"content":{"rendered":"\n<div class=\"wp-block-group alignfull has-accent-4-background-color has-background has-global-padding is-layout-constrained wp-container-core-group-is-layout-1131737d wp-block-group-is-layout-constrained\" style=\"margin-top:0;margin-bottom:0;padding-top:var(--wp--preset--spacing--20);padding-right:var(--wp--preset--spacing--20);padding-bottom:var(--wp--preset--spacing--20);padding-left:var(--wp--preset--spacing--20)\">\n<h4 class=\"wp-block-heading alignwide has-base-2-color has-text-color has-link-color wp-elements-d8e146d5f9ee0978577c4b1934a3e3b1\">Ich freue mich \u00fcber Ihren Eintrag in meinem G\u00e4stebuch. Bitte hinterlassen Sie gerne ein paar Zeilen mit Ihrem Feedback zu meinen musikalischen Aktivit\u00e4ten oder zu unserer musikalischen Zusammenarbeit. Vielen Dank!<\/h4>\n<\/div>\n\n\n<div class=\"gwolle-gb\"><div class=\"gwolle-gb-messages-top-container\"><\/div>\n\t\t\t<div class=\"gwolle-gb-write-button\">\n\t\t\t\t<input type=\"button\" name=\"gwolle-gb-write-button\" class=\"button btn btn-default \" value=\"Neuen Eintrag schreiben\" aria-expanded=\"false\" \/>\n\t\t\t<\/div>\n\t\t\t<form action=\"#\" method=\"POST\" class=\"gwolle-gb-write gwolle-gb-hide gwolle-gb-float gwolle-gb-form-ajax gwolle-gb-ajax gwolle-gb-not-logged-in\">\n\t\t\t\t<h3>Neuer Eintrag im G\u00e4stebuch<\/h3>\n\t\t\t\t<button type=\"button\" class=\"gb-notice-dismiss\">x<span class=\"screen-reader-text\">Diese Formular ausblenden<\/span><\/button>\n\t\t\t\n\t\t\t\t<input type=\"hidden\" name=\"gwolle_gb_function\" class=\"gwolle_gb_function\" value=\"add_entry\" \/><input type=\"hidden\" name=\"gwolle_gb_book_id\" class=\"gwolle_gb_book_id\" value=\"1\" \/><div class=\"gwolle_gb_9003fc46b187c3a86afb38191189505f\">\n\t\t\t\t<div class=\"label\"><label for=\"gwolle_gb_9003fc46b187c3a86afb38191189505f-1\" class=\"text-info\">Name <span class=\"required\">*<\/span><\/label><\/div>\n\t\t\t\t<div class=\"input\"><input class=\"wp-exclude-emoji gwolle_gb_9003fc46b187c3a86afb38191189505f\" value=\"\" type=\"text\" id=\"gwolle_gb_9003fc46b187c3a86afb38191189505f-1\" name=\"gwolle_gb_9003fc46b187c3a86afb38191189505f\" required \/><\/div>\n\t\t\t\t<div class=\"clearBoth\">&nbsp;<\/div>\n\t\t\t<\/div><div class=\"gwolle_gb_9eb52302db1e86c027268098c0efca8e\">\n\t\t\t\t<div class=\"label\"><label for=\"gwolle_gb_9eb52302db1e86c027268098c0efca8e-1\" class=\"text-info\">E-Mail<\/label><\/div>\n\t\t\t\t<div class=\"input\"><input class=\"gwolle_gb_9eb52302db1e86c027268098c0efca8e\" value=\"\" type=\"email\" id=\"gwolle_gb_9eb52302db1e86c027268098c0efca8e-1\" name=\"gwolle_gb_9eb52302db1e86c027268098c0efca8e\" \/><\/div>\n\t\t\t\t<div class=\"clearBoth\">&nbsp;<\/div>\n\t\t\t<\/div>\n\t\t\t<div class=\"gwolle_gb_e549ef923f4a090ae45dd75a574fe5b1\" style=\"display:none;overflow:hidden;\" hidden=\"true\" aria-hidden=\"true\">\n\t\t\t\t<div class=\"label\">\n\t\t\t\t\t<label for=\"gwolle_gb_e549ef923f4a090ae45dd75a574fe5b1-1\" class=\"text-primary\">Hier nichts eingeben<\/label>\n\t\t\t\t\t<label for=\"gwolle_gb_8e484fc5a3d9b94891ea7310d8616a1a-1\" class=\"text-primary\">Hier nichts eingeben<\/label>\n\t\t\t\t<\/div>\n\t\t\t\t<div class=\"input\">\n\t\t\t\t\t<input value=\"5\" type=\"text\" id=\"gwolle_gb_e549ef923f4a090ae45dd75a574fe5b1-1\" name=\"gwolle_gb_e549ef923f4a090ae45dd75a574fe5b1\" class=\"gwolle_gb_e549ef923f4a090ae45dd75a574fe5b1\" style=\"transform: translateY(10000px);\" \/>\n\t\t\t\t\t<input value=\"\" type=\"text\" name=\"gwolle_gb_8e484fc5a3d9b94891ea7310d8616a1a\" id=\"gwolle_gb_8e484fc5a3d9b94891ea7310d8616a1a-1\" class=\"gwolle_gb_8e484fc5a3d9b94891ea7310d8616a1a\" style=\"transform: translateY(10000px);\" \/>\n\t\t\t\t<\/div>\n\t\t\t\t<div class=\"clearBoth\"><\/div>\n\t\t\t<\/div>\n\t\t\t<div class=\"gwolle_gb_dad8731f99a945905e0a734625bbe6b8\" style=\"display:none;overflow:hidden;\" hidden=\"true\" aria-hidden=\"true\">\n\t\t\t\t<div class=\"label\">\n\t\t\t\t\t<label for=\"gwolle_gb_dad8731f99a945905e0a734625bbe6b8-1\" class=\"text-primary\">Hier nichts eingeben<\/label>\n\t\t\t\t\t<label for=\"gwolle_gb_1daa17e18e6164003183a639e0bba50b-1\" class=\"text-primary\">Hier nichts eingeben<\/label>\n\t\t\t\t<\/div>\n\t\t\t\t<div class=\"input\">\n\t\t\t\t\t<input value=\"35726\" type=\"text\" id=\"gwolle_gb_dad8731f99a945905e0a734625bbe6b8-1\" name=\"gwolle_gb_dad8731f99a945905e0a734625bbe6b8\" class=\"gwolle_gb_dad8731f99a945905e0a734625bbe6b8\" style=\"transform: translateY(10000px);\" \/>\n\t\t\t\t\t<input value=\"35726\" type=\"text\"id=\"gwolle_gb_1daa17e18e6164003183a639e0bba50b-1\" name=\"gwolle_gb_1daa17e18e6164003183a639e0bba50b\" class=\"gwolle_gb_1daa17e18e6164003183a639e0bba50b\" style=\"transform: translateY(10000px);\" \/>\n\t\t\t\t<\/div>\n\t\t\t\t<div class=\"clearBoth\"><\/div>\n\t\t\t<\/div><div class=\"gwolle_gb_content\">\n\t\t\t\t<div class=\"label\"><label for=\"gwolle_gb_content-1\" class=\"text-info\">G\u00e4stebucheintrag <span class=\"required\">*<\/span><\/label><\/div>\n\t\t\t\t<div class=\"input\"><textarea id=\"gwolle_gb_content-1\" name=\"gwolle_gb_content\" class=\"gwolle_gb_content wp-exclude-emoji\" required ><\/textarea><\/div>\n\t\t\t\t\t<div class=\"clearBoth\">&nbsp;<\/div>\n\t\t\t\t<\/div><input type=\"hidden\" class=\"gwolle_gb_085ae4ebf8515c34e5015b10d62665d3\" id=\"gwolle_gb_085ae4ebf8515c34e5015b10d62665d3-1\" name=\"gwolle_gb_085ae4ebf8515c34e5015b10d62665d3\" value=\"8991478be8\" \/>\n\t\t\t<div class=\"gwolle-gb-messages-bottom-container\"><\/div>\n\n\t\t\t<noscript><div class=\"no-js\">Warning: This form can only be used if JavaScript is enabled in your browser.<\/div><\/noscript>\n\n\t\t\t<div class=\"gwolle_gb_submit gwolle-gb-submit\">\n\t\t\t\t<div class=\"label gwolle-gb-invisible text-muted\">&nbsp;<\/div>\n\t\t\t\t<div class=\"input\">\n\t\t\t\t\t<input type=\"submit\" name=\"gwolle_gb_submit\" class=\"gwolle_gb_submit button btn btn-primary \" value=\"Absenden\" \/>\n\t\t\t\t\t<span class=\"gwolle_gb_submit_ajax_icon gwolle-gb-submit-ajax-icon\"><\/span>\n\t\t\t\n\t\t\t\t<\/div>\n\t\t\t\t<div class=\"clearBoth\">&nbsp;<\/div>\n\t\t\t<\/div>\n\n\t\t\t<div class=\"gwolle_gb_notice gwolle-gb-notice\">\n\t\t\t\tMit * gekennzeichnete Felder sind erforderlich.<br \/>\r\nIhre E-Mail-Adresse wird nicht ver\u00f6ffentlicht.<br \/>\r\nEs ist m\u00f6glich, dass Ihr Eintrag im G\u00e4stebuch erst sichtbar ist, nachdem wir ihn \u00fcberpr\u00fcft haben.<br \/>\r\nWir behalten uns vor, Eintr\u00e4ge zu bearbeiten, zu l\u00f6schen oder nicht zu ver\u00f6ffentlichen.\n\t\t\t<\/div><\/form><div class=\"gwolle-gb-read gwolle-gb-ajax gwolle-gb-entries-list\" data-book_id=\"1\" data-page_id=\"1\">\n\t\t<div id=\"gwolle-gb-total\" class=\"gwolle-gb-total\">17 Eintr\u00e4ge<\/div><!-- Gwolle-GB Entry: Default Template Loaded -->\n\t\t\t\t<div class=\"gb-entry gb-entry_34 gb-entry-count_1 gwolle-gb-uneven gwolle-gb-first\" id=\"gb-entry_34\" data-entry_id=\"34\">\n\t\t\t\t<article>\n\t\t\t\t\t<div class=\"gb-author-info\">\n\t\t\t\t\t\t<span class=\"gb-author-name\">Petra Rosenberg-Dufner\n\t\t\t\t\t\t<\/span>\n\t\t\t\t\t\t<span class=\"gb-datetime\">\n\t\t\t\t\t\t\t<span class=\"gb-date\"><span class=\"gb-date-wrote-text\"> schrieb am<\/span><span class=\"gb-date-text\"> 14. April 2026<\/span>\n\t\t\t\t\t\t\t<\/span>\n\t\t\t\t\t\t<\/span> \n\t\t\t\t\t<\/div>\n\t\t\t\t\t<div class=\"gb-entry-content\">Am 21.03.26 hat Adrian Sieferle unseren Rock-Pop Chor \u201eUnerh\u00f6rt\u201c bei einer Benefizveranstaltung f\u00fcr den Kinder und Familien Hospizdienst Offenburg am Klavier begleitet.\r\nMit seiner gef\u00fchlvollen und aufmerksamen Spielweise tr\u00e4gt er die beteiligten Musiker durchs Programm. Zudem zeichnet ihn eine gro\u00dfe Flexibilit\u00e4t aus. Auch mit Herausforderungen in Form von schwieriger Akustik findet er immer einen Weg ein Konzert mit gro\u00dfer Qualit\u00e4t zu meistern. \r\nHerzlichen Dank vom \u201eChor Unerh\u00f6rt\u201c und Petra Rosenberg-Dufner (Chorleitung)\n\t\t\t\t\t<\/div>\n\t\t\t\t<\/article>\n\t\t\t<\/div>\n\t\t\t<div class=\"gb-entry gb-entry_28 gb-entry-count_2 gwolle-gb-even\" id=\"gb-entry_28\" data-entry_id=\"28\">\n\t\t\t\t<article>\n\t\t\t\t\t<div class=\"gb-author-info\">\n\t\t\t\t\t\t<span class=\"gb-author-name\">Rock Pop Chor Waltersweier\n\t\t\t\t\t\t<\/span>\n\t\t\t\t\t\t<span class=\"gb-datetime\">\n\t\t\t\t\t\t\t<span class=\"gb-date\"><span class=\"gb-date-wrote-text\"> schrieb am<\/span><span class=\"gb-date-text\"> 15. M\u00e4rz 2026<\/span>\n\t\t\t\t\t\t\t<\/span>\n\t\t\t\t\t\t<\/span> \n\t\t\t\t\t<\/div>\n\t\t\t\t\t<div class=\"gb-entry-content\">Lieber Adrian,\r\nwir waren gestern in Fessenbach wieder rundum bestens musikalisch versorgt und konnten bei unserem Auftritt das Publikum begeistern.\r\n\r\nHerzlichen Dank f\u00fcr die professionelle Zusammenarbeit \r\n\r\nWir freuen uns auf weitere Auftritte und Konzerte mit Dir \ud83d\ude4f\ud83c\udfb6\ud83d\ude32\n\t\t\t\t\t<\/div>\n\t\t\t\t<\/article>\n\t\t\t<\/div>\n\t\t\t<div class=\"gb-entry gb-entry_22 gb-entry-count_3 gwolle-gb-uneven\" id=\"gb-entry_22\" data-entry_id=\"22\">\n\t\t\t\t<article>\n\t\t\t\t\t<div class=\"gb-author-info\">\n\t\t\t\t\t\t<span class=\"gb-author-name\">Gabriele Huber, Chor Impuls\n\t\t\t\t\t\t<\/span>\n\t\t\t\t\t\t<span class=\"gb-datetime\">\n\t\t\t\t\t\t\t<span class=\"gb-date\"><span class=\"gb-date-wrote-text\"> schrieb am<\/span><span class=\"gb-date-text\"> 7. Januar 2026<\/span>\n\t\t\t\t\t\t\t<\/span>\n\t\t\t\t\t\t<\/span> \n\t\t\t\t\t<\/div>\n\t\t\t\t\t<div class=\"gb-entry-content\">Die Zusammenarbeit mit Adrian macht einfach sehr viel Spa\u00df! Die Vorbereitungen und die Kommunikation laufen immer ausgezeichnet. \r\nSehr professionell alles! Adrian ist ein ausgezeichneter Pianist und Organist! Wir f\u00fchlen uns immer sehr wohl! Danke Adrian!\n\t\t\t\t\t<\/div>\n\t\t\t\t<\/article>\n\t\t\t<\/div>\n\t\t\t<div class=\"gb-entry gb-entry_20 gb-entry-count_4 gwolle-gb-even\" id=\"gb-entry_20\" data-entry_id=\"20\">\n\t\t\t\t<article>\n\t\t\t\t\t<div class=\"gb-author-info\">\n\t\t\t\t\t\t<span class=\"gb-author-name\">Elke Hofbauer\n\t\t\t\t\t\t<\/span>\n\t\t\t\t\t\t<span class=\"gb-datetime\">\n\t\t\t\t\t\t\t<span class=\"gb-date\"><span class=\"gb-date-wrote-text\"> schrieb am<\/span><span class=\"gb-date-text\"> 23. Oktober 2025<\/span>\n\t\t\t\t\t\t\t<\/span>\n\t\t\t\t\t\t<\/span> \n\t\t\t\t\t<\/div>\n\t\t\t\t\t<div class=\"gb-entry-content\">Die Vorbereitung und auch das Konzert am 11.10.25 war in jeder Hinsicht perfekt. Auch die Kommuikation zur Vorbereitung verlief reibungslos. Wir waren begeistert.\n\t\t\t\t\t<\/div>\n\t\t\t\t<\/article>\n\t\t\t<\/div>\n\t\t\t<div class=\"gb-entry gb-entry_19 gb-entry-count_5 gwolle-gb-uneven\" id=\"gb-entry_19\" data-entry_id=\"19\">\n\t\t\t\t<article>\n\t\t\t\t\t<div class=\"gb-author-info\">\n\t\t\t\t\t\t<span class=\"gb-author-name\">Reni M\u00e4ntele\n\t\t\t\t\t\t<\/span>\n\t\t\t\t\t\t<span class=\"gb-datetime\">\n\t\t\t\t\t\t\t<span class=\"gb-date\"><span class=\"gb-date-wrote-text\"> schrieb am<\/span><span class=\"gb-date-text\"> 13. Oktober 2025<\/span>\n\t\t\t\t\t\t\t<\/span>\n\t\t\t\t\t\t<\/span> \n\t\t\t\t\t<\/div>\n\t\t\t\t\t<div class=\"gb-entry-content\">Die Zusammenarbeit mit Adrian ist in jeder Hinsicht ausgezeichnet.\nKommunikation, die musikalische Seite,\nalles bestens.\nWir arbeiten schon viele Jahre mit ihm und waren immer sehr zufrieden.\n\t\t\t\t\t<\/div>\n\t\t\t\t<\/article>\n\t\t\t<\/div>\n\t\t\t<div class=\"gb-entry gb-entry_12 gb-entry-count_6 gwolle-gb-even\" id=\"gb-entry_12\" data-entry_id=\"12\">\n\t\t\t\t<article>\n\t\t\t\t\t<div class=\"gb-author-info\">\n\t\t\t\t\t\t<span class=\"gb-author-name\"><i class=\"gb-moderator\">Anonym<\/i>\n\t\t\t\t\t\t<\/span>\n\t\t\t\t\t\t<span class=\"gb-datetime\">\n\t\t\t\t\t\t\t<span class=\"gb-date\"><span class=\"gb-date-wrote-text\"> schrieb am<\/span><span class=\"gb-date-text\"> 26. Oktober 2023<\/span>\n\t\t\t\t\t\t\t<\/span>\n\t\t\t\t\t\t<\/span> \n\t\t\t\t\t<\/div>\n\t\t\t\t\t<div class=\"gb-entry-content\">Sowohl die musikalische Begleitung war wunderbar, besser h\u00e4tte man es sich nicht w\u00fcnschen k\u00f6nnen. Die Kommunikation w\u00e4hrend der Vorbereitung lief reibungslos.\n\t\t\t\t\t<\/div>\n\t\t\t\t<\/article>\n\t\t\t<\/div>\n\t\t\t<div class=\"gb-entry gb-entry_6 gb-entry-count_7 gwolle-gb-uneven\" id=\"gb-entry_6\" data-entry_id=\"6\">\n\t\t\t\t<article>\n\t\t\t\t\t<div class=\"gb-author-info\">\n\t\t\t\t\t\t<span class=\"gb-author-name\"><i class=\"gb-moderator\">Anonym<\/i>\n\t\t\t\t\t\t<\/span>\n\t\t\t\t\t\t<span class=\"gb-datetime\">\n\t\t\t\t\t\t\t<span class=\"gb-date\"><span class=\"gb-date-wrote-text\"> schrieb am<\/span><span class=\"gb-date-text\"> 25. Oktober 2023<\/span>\n\t\t\t\t\t\t\t<\/span>\n\t\t\t\t\t\t<\/span> \n\t\t\t\t\t<\/div>\n\t\t\t\t\t<div class=\"gb-entry-content\">Sehr professionell und eine sehr angenehme Zusammenarbeit.......war richtig super. Dankesch\u00f6n und liebe Gr\u00fc\u00dfe\n\t\t\t\t\t<\/div>\n\t\t\t\t<\/article>\n\t\t\t<\/div>\n\t\t\t<div class=\"gb-entry gb-entry_5 gb-entry-count_8 gwolle-gb-even\" id=\"gb-entry_5\" data-entry_id=\"5\">\n\t\t\t\t<article>\n\t\t\t\t\t<div class=\"gb-author-info\">\n\t\t\t\t\t\t<span class=\"gb-author-name\"><i class=\"gb-moderator\">Anonym<\/i>\n\t\t\t\t\t\t<\/span>\n\t\t\t\t\t\t<span class=\"gb-datetime\">\n\t\t\t\t\t\t\t<span class=\"gb-date\"><span class=\"gb-date-wrote-text\"> schrieb am<\/span><span class=\"gb-date-text\"> 11. Juli 2023<\/span>\n\t\t\t\t\t\t\t<\/span>\n\t\t\t\t\t\t<\/span> \n\t\t\t\t\t<\/div>\n\t\t\t\t\t<div class=\"gb-entry-content\">Bereits die Terminvereinbarung \u00fcber ihren Cloud betrachten wir als sehr angenehm.\r\nDer Austausch von Informationen, die \u00dcbermittlung des Notenmaterials verl\u00e4uft sehr angenehm.\r\nDie musikalische Zusammenarbeit bei den Probetermin und ganz besonders beim Konzert verlief wie immer sehr professionell!\r\nF\u00fcr alle Chormitglieder und auch f\u00fcr die Chorleitung kann die Zusammenarbeit als besonders angenehm bewertet werden. Unser Konzert wird durch die Mitwirkung von Adrian Sieferle sehr aufgewertet!\n\t\t\t\t\t<\/div>\n\t\t\t\t<\/article>\n\t\t\t<\/div>\n\t\t\t<div class=\"gb-entry gb-entry_11 gb-entry-count_9 gwolle-gb-uneven\" id=\"gb-entry_11\" data-entry_id=\"11\">\n\t\t\t\t<article>\n\t\t\t\t\t<div class=\"gb-author-info\">\n\t\t\t\t\t\t<span class=\"gb-author-name\"><i class=\"gb-moderator\">Anna-Maria und Stefan Huber<\/i>\n\t\t\t\t\t\t<\/span>\n\t\t\t\t\t\t<span class=\"gb-datetime\">\n\t\t\t\t\t\t\t<span class=\"gb-date\"><span class=\"gb-date-wrote-text\"> schrieb am<\/span><span class=\"gb-date-text\"> 15. Juni 2023<\/span>\n\t\t\t\t\t\t\t<\/span>\n\t\t\t\t\t\t<\/span> \n\t\t\t\t\t<\/div>\n\t\t\t\t\t<div class=\"gb-entry-content\">Perfekte Abstimmung mit der S\u00e4ngerin. Dezentes wechseln des Instrumentes (Piano vorne am Altar und Orgel im hinteren Bereich der Kirche)\n\t\t\t\t\t<\/div>\n\t\t\t\t<\/article>\n\t\t\t<\/div>\n\t\t\t<div class=\"gb-entry gb-entry_4 gb-entry-count_10 gwolle-gb-even\" id=\"gb-entry_4\" data-entry_id=\"4\">\n\t\t\t\t<article>\n\t\t\t\t\t<div class=\"gb-author-info\">\n\t\t\t\t\t\t<span class=\"gb-author-name\"><i class=\"gb-moderator\">Anonym<\/i>\n\t\t\t\t\t\t<\/span>\n\t\t\t\t\t\t<span class=\"gb-datetime\">\n\t\t\t\t\t\t\t<span class=\"gb-date\"><span class=\"gb-date-wrote-text\"> schrieb am<\/span><span class=\"gb-date-text\"> 23. M\u00e4rz 2023<\/span>\n\t\t\t\t\t\t\t<\/span>\n\t\t\t\t\t\t<\/span> \n\t\t\t\t\t<\/div>\n\t\t\t\t\t<div class=\"gb-entry-content\">Wir buchen Adrian schon viele Jahre f\u00fcr unsere Konzerte und waren immer sehr zufrieden.\n\t\t\t\t\t<\/div>\n\t\t\t\t<\/article>\n\t\t\t<\/div>\n\t\t\t<div class=\"gb-entry gb-entry_14 gb-entry-count_11 gwolle-gb-uneven\" id=\"gb-entry_14\" data-entry_id=\"14\">\n\t\t\t\t<article>\n\t\t\t\t\t<div class=\"gb-author-info\">\n\t\t\t\t\t\t<span class=\"gb-author-name\"><i class=\"gb-moderator\">Matthias Hoppe<\/i>\n\t\t\t\t\t\t<\/span>\n\t\t\t\t\t\t<span class=\"gb-datetime\">\n\t\t\t\t\t\t\t<span class=\"gb-date\"><span class=\"gb-date-wrote-text\"> schrieb am<\/span><span class=\"gb-date-text\"> 13. Dezember 2022<\/span>\n\t\t\t\t\t\t\t<\/span>\n\t\t\t\t\t\t<\/span> \n\t\t\t\t\t<\/div>\n\t\t\t\t\t<div class=\"gb-entry-content\">Die musikalische Begleitung war top. Meditative instrumentale St\u00fccke haben die Stimmung im Gottesdienst aufgegriffen. Super. Musik- und Liedw\u00fcnsche wurden sehr gerne erf\u00fcllt. Sehr freundliche und kompetente Beratung und Absprachen. Luisa und Adrian immer gerne wieder! Ihr ward super. Die Taufgesellschaft hat mehrfach nach Euch gefragt.\n\t\t\t\t\t<\/div>\n\t\t\t\t<\/article>\n\t\t\t<\/div>\n\t\t\t<div class=\"gb-entry gb-entry_10 gb-entry-count_12 gwolle-gb-even\" id=\"gb-entry_10\" data-entry_id=\"10\">\n\t\t\t\t<article>\n\t\t\t\t\t<div class=\"gb-author-info\">\n\t\t\t\t\t\t<span class=\"gb-author-name\"><i class=\"gb-moderator\">Thomas Lehmann<\/i>\n\t\t\t\t\t\t<\/span>\n\t\t\t\t\t\t<span class=\"gb-datetime\">\n\t\t\t\t\t\t\t<span class=\"gb-date\"><span class=\"gb-date-wrote-text\"> schrieb am<\/span><span class=\"gb-date-text\"> 11. September 2022<\/span>\n\t\t\t\t\t\t\t<\/span>\n\t\t\t\t\t\t<\/span> \n\t\t\t\t\t<\/div>\n\t\t\t\t\t<div class=\"gb-entry-content\">Musikalische und spielerische Kompetenz, professionelles und freundliches Erscheinungsbild. Vielen Dank f\u00fcr die flexible Mitgestaltung des Gottesdienstes. Hat alles super nach Wunsch geklappt. Hervorragende Zuverl\u00e4ssigkeit und Vorbereitung. Gerne wieder. Dringend weiterzuempfehlen.\n\t\t\t\t\t<\/div>\n\t\t\t\t<\/article>\n\t\t\t<\/div>\n\t\t\t<div class=\"gb-entry gb-entry_13 gb-entry-count_13 gwolle-gb-uneven\" id=\"gb-entry_13\" data-entry_id=\"13\">\n\t\t\t\t<article>\n\t\t\t\t\t<div class=\"gb-author-info\">\n\t\t\t\t\t\t<span class=\"gb-author-name\"><i class=\"gb-moderator\">Anonym<\/i>\n\t\t\t\t\t\t<\/span>\n\t\t\t\t\t\t<span class=\"gb-datetime\">\n\t\t\t\t\t\t\t<span class=\"gb-date\"><span class=\"gb-date-wrote-text\"> schrieb am<\/span><span class=\"gb-date-text\"> 16. August 2022<\/span>\n\t\t\t\t\t\t\t<\/span>\n\t\t\t\t\t\t<\/span> \n\t\t\t\t\t<\/div>\n\t\t\t\t\t<div class=\"gb-entry-content\">Zur Organisation: Sie waren absolut zuverl\u00e4ssig, waren p\u00fcnktlichst vor Ort und haben das von sich aus das Gespr\u00e4ch mit dem Pfarrer zur Detailkl\u00e4rung gesucht. Insgesamt alles hervorragend!\r\n\r\nZur Musik: Sie spielen wundervoll die Orgel, das timing war perfekt sowohl was die Lieder angeht, die von allen mitgesungen wurden als auch die hervorragende Auswahl der Lieder, die Sie beim Einzug in die Kirche bzw. begleitend auf dem Weg zum Taufbecken gespielt haben.\n\t\t\t\t\t<\/div>\n\t\t\t\t<\/article>\n\t\t\t<\/div>\n\t\t\t<div class=\"gb-entry gb-entry_9 gb-entry-count_14 gwolle-gb-even\" id=\"gb-entry_9\" data-entry_id=\"9\">\n\t\t\t\t<article>\n\t\t\t\t\t<div class=\"gb-author-info\">\n\t\t\t\t\t\t<span class=\"gb-author-name\"><i class=\"gb-moderator\">Natalie Napolitano<\/i>\n\t\t\t\t\t\t<\/span>\n\t\t\t\t\t\t<span class=\"gb-datetime\">\n\t\t\t\t\t\t\t<span class=\"gb-date\"><span class=\"gb-date-wrote-text\"> schrieb am<\/span><span class=\"gb-date-text\"> 13. Juli 2022<\/span>\n\t\t\t\t\t\t\t<\/span>\n\t\t\t\t\t\t<\/span> \n\t\t\t\t\t<\/div>\n\t\t\t\t\t<div class=\"gb-entry-content\">Adrian und Luisa haben unsere kirchliche Trauung so sch\u00f6n und besonders umrahmt, es war einfach perfekt!\n\t\t\t\t\t<\/div>\n\t\t\t\t<\/article>\n\t\t\t<\/div>\n\t\t\t<div class=\"gb-entry gb-entry_8 gb-entry-count_15 gwolle-gb-uneven\" id=\"gb-entry_8\" data-entry_id=\"8\">\n\t\t\t\t<article>\n\t\t\t\t\t<div class=\"gb-author-info\">\n\t\t\t\t\t\t<span class=\"gb-author-name\"><i class=\"gb-moderator\">Kilian Vollmer<\/i>\n\t\t\t\t\t\t<\/span>\n\t\t\t\t\t\t<span class=\"gb-datetime\">\n\t\t\t\t\t\t\t<span class=\"gb-date\"><span class=\"gb-date-wrote-text\"> schrieb am<\/span><span class=\"gb-date-text\"> 11. Juli 2022<\/span>\n\t\t\t\t\t\t\t<\/span>\n\t\t\t\t\t\t<\/span> \n\t\t\t\t\t<\/div>\n\t\t\t\t\t<div class=\"gb-entry-content\">Adrian stand uns von Anfang an mit Rat und Tat zur Seite und war auch f\u00fcr alle gew\u00fcnschten St\u00fccke zu haben. Super Service und musikalische Begleitung von A-Z!\n\t\t\t\t\t<\/div>\n\t\t\t\t<\/article>\n\t\t\t<\/div>\n\t\t\t<div class=\"gb-entry gb-entry_3 gb-entry-count_16 gwolle-gb-even\" id=\"gb-entry_3\" data-entry_id=\"3\">\n\t\t\t\t<article>\n\t\t\t\t\t<div class=\"gb-author-info\">\n\t\t\t\t\t\t<span class=\"gb-author-name\"><i class=\"gb-moderator\">Anonym<\/i>\n\t\t\t\t\t\t<\/span>\n\t\t\t\t\t\t<span class=\"gb-datetime\">\n\t\t\t\t\t\t\t<span class=\"gb-date\"><span class=\"gb-date-wrote-text\"> schrieb am<\/span><span class=\"gb-date-text\"> 11. Juli 2022<\/span>\n\t\t\t\t\t\t\t<\/span>\n\t\t\t\t\t\t<\/span> \n\t\t\t\t\t<\/div>\n\t\t\t\t\t<div class=\"gb-entry-content\">Lieber Adrian,\r\nDu bist einfach die ideale Begleitung bei Konzerten und Gottesdiensten.\r\nUnsere Besucher und unsere musikalischen Freunde sind genauso voll des Lobes wie wir es sind.\r\nDu hast mit Deiner musikalischen Begleitung unser Jubil\u00e4um sehr bereichert!\r\nBei der n\u00e4chsten Gelegenheit werden wir sehr gerne wieder um Deine Unterst\u00fctzung anfragen!.\r\n\r\nHerzlichen Dank!!!\n\t\t\t\t\t<\/div>\n\t\t\t\t<\/article>\n\t\t\t<\/div>\n\t\t\t<div class=\"gb-entry gb-entry_7 gb-entry-count_17 gwolle-gb-uneven\" id=\"gb-entry_7\" data-entry_id=\"7\">\n\t\t\t\t<article>\n\t\t\t\t\t<div class=\"gb-author-info\">\n\t\t\t\t\t\t<span class=\"gb-author-name\"><i class=\"gb-moderator\">Selina und Sven Kirschberger<\/i>\n\t\t\t\t\t\t<\/span>\n\t\t\t\t\t\t<span class=\"gb-datetime\">\n\t\t\t\t\t\t\t<span class=\"gb-date\"><span class=\"gb-date-wrote-text\"> schrieb am<\/span><span class=\"gb-date-text\"> 13. Juni 2022<\/span>\n\t\t\t\t\t\t\t<\/span>\n\t\t\t\t\t\t<\/span> \n\t\t\t\t\t<\/div>\n\t\t\t\t\t<div class=\"gb-entry-content\">Tolles Orgelspiel und sch\u00f6ner Gesang\n\t\t\t\t\t<\/div>\n\t\t\t\t<\/article>\n\t\t\t<\/div>\n\t\t\t<\/div><\/div>\n\n\n\n<div style=\"height:60px\" aria-hidden=\"true\" class=\"wp-block-spacer\"><\/div>\n","protected":false},"excerpt":{"rendered":"<p>Ich freue mich \u00fcber Ihren Eintrag in meinem G\u00e4stebuch. Bitte hinterlassen Sie gerne ein paar Zeilen mit Ihrem Feedback zu meinen musikalischen Aktivit\u00e4ten oder zu unserer musikalischen Zusammenarbeit. Vielen Dank!<\/p>\n","protected":false},"author":1,"featured_media":0,"parent":0,"menu_order":0,"comment_status":"closed","ping_status":"closed","template":"","meta":{"_themeisle_gutenberg_block_has_review":false,"footnotes":""},"class_list":["post-365","page","type-page","status-publish","hentry"],"_links":{"self":[{"href":"https:\/\/www.adrian-sieferle.de\/musik\/wp-json\/wp\/v2\/pages\/365","targetHints":{"allow":["GET"]}}],"collection":[{"href":"https:\/\/www.adrian-sieferle.de\/musik\/wp-json\/wp\/v2\/pages"}],"about":[{"href":"https:\/\/www.adrian-sieferle.de\/musik\/wp-json\/wp\/v2\/types\/page"}],"author":[{"embeddable":true,"href":"https:\/\/www.adrian-sieferle.de\/musik\/wp-json\/wp\/v2\/users\/1"}],"replies":[{"embeddable":true,"href":"https:\/\/www.adrian-sieferle.de\/musik\/wp-json\/wp\/v2\/comments?post=365"}],"version-history":[{"count":12,"href":"https:\/\/www.adrian-sieferle.de\/musik\/wp-json\/wp\/v2\/pages\/365\/revisions"}],"predecessor-version":[{"id":1437,"href":"https:\/\/www.adrian-sieferle.de\/musik\/wp-json\/wp\/v2\/pages\/365\/revisions\/1437"}],"wp:attachment":[{"href":"https:\/\/www.adrian-sieferle.de\/musik\/wp-json\/wp\/v2\/media?parent=365"}],"curies":[{"name":"wp","href":"https:\/\/api.w.org\/{rel}","templated":true}]}}